{"id":1301,"date":"2024-05-29T14:50:04","date_gmt":"2024-05-29T12:50:04","guid":{"rendered":"https:\/\/www.dynamolangues.com\/en\/?page_id=1301"},"modified":"2024-05-30T09:38:36","modified_gmt":"2024-05-30T07:38:36","slug":"sitemap","status":"publish","type":"page","link":"https:\/\/www.dynamolangues.com\/en\/sitemap","title":{"rendered":"Sitemap"},"content":{"rendered":"<div class=\"wrap-html-sitemap sp-html-sitemap\"><div class=\"sp-wrap-cpt\"><h2 class=\"sp-cpt-name\">Pages<\/h2><ul class=\"sp-list-posts sp-cpt-hierarchical\"><li class=\"page_item page-item-1630\"><a href=\"https:\/\/www.dynamolangues.com\/en\/cloe-centre-partenaire\">Cloe &#8211; Centre Partenaire<\/a><\/li><li class=\"page_item page-item-1307\"><a href=\"https:\/\/www.dynamolangues.com\/en\/intensive-individual-language-courses\">Intensive individual<\/a><\/li><li class=\"page_item page-item-1304\"><a href=\"https:\/\/www.dynamolangues.com\/en\/language-learning-pau\">About Us<\/a><\/li><li class=\"page_item page-item-1301\"><a href=\"https:\/\/www.dynamolangues.com\/en\/sitemap\">Sitemap<\/a><\/li><li class=\"page_item page-item-1292\"><a href=\"https:\/\/www.dynamolangues.com\/en\/testimonial-form\">Leave us your testimonial<\/a><\/li><li class=\"page_item page-item-1289\"><a href=\"https:\/\/www.dynamolangues.com\/en\/mobile-application-mydynamo\">Mobile application MyDynamo<\/a><\/li><li class=\"page_item page-item-1286\"><a href=\"https:\/\/www.dynamolangues.com\/en\/host-family-immersion\">Host Family Immersion<\/a><\/li><li class=\"page_item page-item-1280\"><a href=\"https:\/\/www.dynamolangues.com\/en\/language-courses\">Individual courses<\/a><\/li><li class=\"page_item page-item-1009\"><a href=\"https:\/\/www.dynamolangues.com\/en\/blog\">News<\/a><\/li><li class=\"page_item page-item-5\"><a href=\"https:\/\/www.dynamolangues.com\/en\/\">Home<\/a><\/li><\/ul><\/div><div class=\"sp-wrap-cpt\"><h2 class=\"sp-cpt-name\">Posts<\/h2><div class=\"sp-wrap-cats\"><div class=\"sp-wrap-cat\"><h3 class=\"sp-cat-name\"><a href=\"https:\/\/www.dynamolangues.com\/en\/category\/dynamo-langues\">Dynamo Langues<\/a><\/h3><ul class=\"sp-list-posts\"><li><a href=\"https:\/\/www.dynamolangues.com\/en\/challenges-faced-by-americans-integrating-into-france-practical-tips-for-a-successful-adaptation\/1639\">Challenges Faced by Americans Integrating into France: Practical Tips for a Successful Adaptation<\/a><\/li><li><a href=\"https:\/\/www.dynamolangues.com\/en\/journey-to-the-heart-of-french-culture-intercultural-seminar-with-dynamo-langues\/1595\">Journey to the heart of French culture: intercultural seminar with Dynamo Langues<\/a><\/li><li><a href=\"https:\/\/www.dynamolangues.com\/en\/open-your-home-to-the-world-become-a-host-family-with-dynamo-langues\/1577\">Open your home to the world: Become a host family with Dynamo Langues!<\/a><\/li><li><a href=\"https:\/\/www.dynamolangues.com\/en\/why-dynamo-langues-courses-are-so-effective\/1543\">Why Dynamo Langues courses are so effective<\/a><\/li><\/ul><\/div><div class=\"sp-wrap-cat\"><h3 class=\"sp-cat-name\"><a href=\"https:\/\/www.dynamolangues.com\/en\/category\/events\">Events<\/a><\/h3><ul class=\"sp-list-posts\"><li><a href=\"https:\/\/www.dynamolangues.com\/en\/level-and-tests-required-for-french-nationality-the-ultimate-guide\/1635\">Level and Tests Required for French Nationality: The Ultimate Guide<\/a><\/li><li><a href=\"https:\/\/www.dynamolangues.com\/en\/2025-the-year-you-master-a-new-language-and-have-fun-doing-it\/1622\">2025: The Year You Master a New Language (And Have Fun Doing It)<\/a><\/li><li><a href=\"https:\/\/www.dynamolangues.com\/en\/the-magic-of-christmas-an-exploration-of-christmas-traditions-in-france-sweden-and-mexico\/1617\">The Magic of Christmas: An Exploration of Christmas Traditions in France, Sweden, and Mexico<\/a><\/li><li><a href=\"https:\/\/www.dynamolangues.com\/en\/20-years-of-dynamo-langues-a-double-celebration-in-pau-and-paris\/1611\">20 Years of Dynamo Langues: A Double Celebration in Pau and Paris<\/a><\/li><li><a href=\"https:\/\/www.dynamolangues.com\/en\/welcome-on-our-new-website\/1540\">Welcome on our new website!<\/a><\/li><\/ul><\/div><div class=\"sp-wrap-cat\"><h3 class=\"sp-cat-name\"><a href=\"https:\/\/www.dynamolangues.com\/en\/category\/whats-new\">What's new<\/a><\/h3><ul class=\"sp-list-posts\"><li><a href=\"https:\/\/www.dynamolangues.com\/en\/language-learning-in-the-age-of-technology-opportunity-or-risk\/1607\">Language Learning in the Age of Technology: Opportunity or Risk?<\/a><\/li><li><a href=\"https:\/\/www.dynamolangues.com\/en\/a-financial-contribution-towards-your-cpf-what-does-this-new-law-involve\/1546\">A financial contribution towards your CPF: what does this new law involve?<\/a><\/li><\/ul><\/div><\/div><\/div><div class=\"sp-wrap-cpt\"><h2 class=\"sp-cpt-name\">Temoignages<\/h2><div class=\"sp-archive-link\"><a href=\"https:\/\/www.dynamolangues.com\/en\/testimonials\">View all temoignages<\/a><\/div><ul class=\"sp-list-posts\"><li><a href=\"https:\/\/www.dynamolangues.com\/en\/testimonials\/excellente-formation\">Excellente formation<\/a><\/li><li><a href=\"https:\/\/www.dynamolangues.com\/en\/testimonials\/nos-apprenants-vous-parlent-de-notre-app-mobile\">Nos apprenants vous parlent de notre App mobile<\/a><\/li><li><a href=\"https:\/\/www.dynamolangues.com\/en\/testimonials\/immersion-en-famille-anglaise\">Immersion en famille anglaise<\/a><\/li><li><a href=\"https:\/\/www.dynamolangues.com\/en\/testimonials\/mario-apres-4-semaines-dimmersion-chez-dynamo\">Mario apr\u00e8s 4 semaines d&#8217;immersion chez DYNAMO<\/a><\/li><li><a href=\"https:\/\/www.dynamolangues.com\/en\/testimonials\/dynamo-langues-a-pau-limmersion-de-jaime\">DYNAMO LANGUES \u00e0 Pau &#8211; L&#8217;immersion de Jaime<\/a><\/li><li><a href=\"https:\/\/www.dynamolangues.com\/en\/testimonials\/immersion-en-famille-daccueil\">Immersion en famille d&#8217;accueil<\/a><\/li><li><a href=\"https:\/\/www.dynamolangues.com\/en\/testimonials\/an-excellent-language-center\">An excellent language center<\/a><\/li><li><a href=\"https:\/\/www.dynamolangues.com\/en\/testimonials\/souvenirs-inoubliables\">Souvenirs inoubliables<\/a><\/li><li><a href=\"https:\/\/www.dynamolangues.com\/en\/testimonials\/un-equipe-super\">Un \u00e9quipe super<\/a><\/li><li><a href=\"https:\/\/www.dynamolangues.com\/en\/testimonials\/en-total-confiance\">En total confiance<\/a><\/li><li><a href=\"https:\/\/www.dynamolangues.com\/en\/testimonials\/hospitality-and-motivation\">Hospitality and motivation<\/a><\/li><li><a href=\"https:\/\/www.dynamolangues.com\/en\/testimonials\/patience-et-professionnalisme\">Patience et professionnalisme<\/a><\/li><li><a href=\"https:\/\/www.dynamolangues.com\/en\/testimonials\/reussite-garantie-mon-experience-avec-les-cours-de-langues-a-pa\">R\u00e9ussite garantie : Mon exp\u00e9rience avec les cours de langues \u00e0 Pa<\/a><\/li><li><a href=\"https:\/\/www.dynamolangues.com\/en\/testimonials\/immersion-reussie-a-dynamo-langues\">Immersion r\u00e9ussie \u00e0 Dynamo Langues<\/a><\/li><li><a href=\"https:\/\/www.dynamolangues.com\/en\/testimonials\/progres-rapides-merci-dynamo-langues\">Progr\u00e8s rapides, Merci Dynamo Langues<\/a><\/li><\/ul><\/div><\/div>\n","protected":false},"excerpt":{"rendered":"","protected":false},"author":1,"featured_media":0,"parent":0,"menu_order":0,"comment_status":"closed","ping_status":"closed","template":"","meta":{"_acf_changed":false,"_seopress_robots_primary_cat":"","_seopress_titles_title":"","_seopress_titles_desc":"","_seopress_robots_index":"","inline_featured_image":false,"iawp_total_views":3,"footnotes":""},"class_list":["post-1301","page","type-page","status-publish","hentry"],"acf":[],"_links":{"self":[{"href":"https:\/\/www.dynamolangues.com\/en\/wp-json\/wp\/v2\/pages\/1301","targetHints":{"allow":["GET"]}}],"collection":[{"href":"https:\/\/www.dynamolangues.com\/en\/wp-json\/wp\/v2\/pages"}],"about":[{"href":"https:\/\/www.dynamolangues.com\/en\/wp-json\/wp\/v2\/types\/page"}],"author":[{"embeddable":true,"href":"https:\/\/www.dynamolangues.com\/en\/wp-json\/wp\/v2\/users\/1"}],"replies":[{"embeddable":true,"href":"https:\/\/www.dynamolangues.com\/en\/wp-json\/wp\/v2\/comments?post=1301"}],"version-history":[{"count":0,"href":"https:\/\/www.dynamolangues.com\/en\/wp-json\/wp\/v2\/pages\/1301\/revisions"}],"wp:attachment":[{"href":"https:\/\/www.dynamolangues.com\/en\/wp-json\/wp\/v2\/media?parent=1301"}],"curies":[{"name":"wp","href":"https:\/\/api.w.org\/{rel}","templated":true}]}}